{"id":380,"date":"2026-05-09T20:49:02","date_gmt":"2026-05-09T18:49:02","guid":{"rendered":"https:\/\/schuetzen-trins.at\/?page_id=380"},"modified":"2026-05-15T14:52:18","modified_gmt":"2026-05-15T12:52:18","slug":"chronik","status":"publish","type":"page","link":"https:\/\/schuetzen-trins.at\/index.php\/chronik\/","title":{"rendered":"Chronik"},"content":{"rendered":"\n<div id=\"wp-block-themeisle-blocks-advanced-columns-3c8eeaf1\" class=\"wp-block-themeisle-blocks-advanced-columns has-1-columns has-desktop-equal-layout has-tablet-equal-layout has-mobile-equal-layout has-vertical-unset\"><div class=\"wp-block-themeisle-blocks-advanced-columns-overlay\"><\/div><div class=\"innerblocks-wrap\">\n<div id=\"wp-block-themeisle-blocks-advanced-column-43166fab\" class=\"wp-block-themeisle-blocks-advanced-column\">\n<p>Hier gibt es eine \u00dcbersicht \u00fcber die Vergangenheit unseres Vereins und ihre Funktion\u00e4re<\/p>\n\n\n<p>[vereins_timeline]<\/p>\n<\/div>\n<\/div><\/div>\n\n\n\n<p><\/p>\n","protected":false},"excerpt":{"rendered":"","protected":false},"author":1,"featured_media":0,"parent":0,"menu_order":0,"comment_status":"closed","ping_status":"closed","template":"","meta":{"neve_meta_sidebar":"","neve_meta_container":"","neve_meta_enable_content_width":"","neve_meta_content_width":0,"neve_meta_title_alignment":"","neve_meta_author_avatar":"","neve_post_elements_order":"","neve_meta_disable_header":"","neve_meta_disable_footer":"","neve_meta_disable_title":"","_themeisle_gutenberg_block_has_review":false,"footnotes":""},"class_list":["post-380","page","type-page","status-publish","hentry"],"_links":{"self":[{"href":"https:\/\/schuetzen-trins.at\/index.php\/wp-json\/wp\/v2\/pages\/380","targetHints":{"allow":["GET"]}}],"collection":[{"href":"https:\/\/schuetzen-trins.at\/index.php\/wp-json\/wp\/v2\/pages"}],"about":[{"href":"https:\/\/schuetzen-trins.at\/index.php\/wp-json\/wp\/v2\/types\/page"}],"author":[{"embeddable":true,"href":"https:\/\/schuetzen-trins.at\/index.php\/wp-json\/wp\/v2\/users\/1"}],"replies":[{"embeddable":true,"href":"https:\/\/schuetzen-trins.at\/index.php\/wp-json\/wp\/v2\/comments?post=380"}],"version-history":[{"count":7,"href":"https:\/\/schuetzen-trins.at\/index.php\/wp-json\/wp\/v2\/pages\/380\/revisions"}],"predecessor-version":[{"id":391,"href":"https:\/\/schuetzen-trins.at\/index.php\/wp-json\/wp\/v2\/pages\/380\/revisions\/391"}],"wp:attachment":[{"href":"https:\/\/schuetzen-trins.at\/index.php\/wp-json\/wp\/v2\/media?parent=380"}],"curies":[{"name":"wp","href":"https:\/\/api.w.org\/{rel}","templated":true}]}}